{"id":303,"date":"2025-05-24T10:13:13","date_gmt":"2025-05-24T10:13:13","guid":{"rendered":"https:\/\/kreativnigradovi.eu\/croatia\/"},"modified":"2026-04-03T08:24:34","modified_gmt":"2026-04-03T08:24:34","slug":"croatia","status":"publish","type":"page","link":"https:\/\/kreativnigradovi.eu\/en\/croatia\/","title":{"rendered":"CROATIA"},"content":{"rendered":"\n<div class=\"et_pb_section_0 et_pb_section et_section_regular et_block_section\"><div class=\"et_pb_row_0 et_pb_row et_block_row\"><div class=\"et_pb_column_0 et_pb_column et_pb_column_4_4 et-last-child et_block_column et_pb_css_mix_blend_mode_passthrough\"><div class=\"et_pb_code_0 et_pb_code et_pb_module\"><\/div><\/div><\/div><div class=\"et_pb_row_1 et_pb_row et_block_row\"><div class=\"et_pb_column_1 et_pb_column et_pb_column_1_2 et_block_column et_pb_css_mix_blend_mode_passthrough\"><div class=\"et_pb_image_0 et_pb_image et_pb_module et_block_module\"><a href=\"https:\/\/www.bale-valle.hr\/\" target=\"_blank\"><span class=\"et_pb_image_wrap\"><img loading=\"lazy\" decoding=\"async\" src=\"https:\/\/kreativnigradovi.eu\/wp-content\/uploads\/2025\/05\/bale.jpg\" width=\"900\" height=\"600\" srcset=\"https:\/\/kreativnigradovi.eu\/wp-content\/uploads\/2025\/05\/bale.jpg 900w, https:\/\/kreativnigradovi.eu\/wp-content\/uploads\/2025\/05\/bale-480x320.jpg 480w\" sizes=\"(min-width: 0px) and (max-width: 480px) 480px, (min-width: 481px) 900px, 100vw\" class=\"wp-image-182\" title=\"bales\" alt=\"bales\" \/><\/span><\/a><\/div><div class=\"et_pb_text_0 et_pb_text et_pb_bg_layout_light et_pb_module et_block_module\"><div class=\"et_pb_text_inner\"><h3>BALE - City hotel<\/h3>\n<p>In order to direct the development of the city, the municipality of Bale created a Spatial Development Program Study in which it defined its vision for the development of the city as a hotel city. There will be a reception at the entrance to the city, and the city's white stone-paved streets will function as hotel corridors. In order to achieve this vision, all rental companies, caterers and other tourism professionals are involved, and the creation of a common Bale brand also unites all participants in the tourist offer of the place. The trademark, which will be awarded to all those whose offer meets the strict criteria for participation in the tourist offer of the place, is a guarantee not only of quality but also of participation in the tourist vision of Bale.<\/p>\n<\/div><\/div><\/div><div class=\"et_pb_column_2 et_pb_column et_pb_column_1_2 et-last-child et_block_column et_pb_css_mix_blend_mode_passthrough\"><div class=\"et_pb_image_1 et_pb_image et_pb_module et_block_module\"><a href=\"https:\/\/kastela.hr\/\" target=\"_blank\"><span class=\"et_pb_image_wrap\"><img loading=\"lazy\" decoding=\"async\" src=\"https:\/\/kreativnigradovi.eu\/wp-content\/uploads\/2025\/05\/kastela.jpg\" width=\"900\" height=\"600\" srcset=\"https:\/\/kreativnigradovi.eu\/wp-content\/uploads\/2025\/05\/kastela.jpg 900w, https:\/\/kreativnigradovi.eu\/wp-content\/uploads\/2025\/05\/kastela-480x320.jpg 480w\" sizes=\"(min-width: 0px) and (max-width: 480px) 480px, (min-width: 481px) 900px, 100vw\" class=\"wp-image-183\" title=\"castle\" alt=\"castle\" \/><\/span><\/a><\/div><div class=\"et_pb_text_1 et_pb_text et_pb_bg_layout_light et_pb_module et_block_module\"><div class=\"et_pb_text_inner\"><h3>KA\u0160TELA \u2013 CULTURE STREET<\/h3>\n<p>City of Ka\u0161tela 2016. In 2018, he presented the project \"Ka\u0161telanskog crljenka Street\", which should connect the roads and streets that stretch along the seashore of all seven Ka\u0161tels, from Ka\u0161tilac in Ka\u0161tel Gomilica to Kula Nehaj in \u0160tafili\u0107, under the name of Ka\u0161telanskog crljenka, a grape variety, by marking cultural and traditional locations and events. This project is part of an effort to extend the tourist pre-season in Ka\u0161tela, and thus the first Creative Spring in Ka\u0161tela was held, an event with the aim of involving creative and cultural industries in shaping the city's tourist offer. In the long term, the project should contribute to the development of the city's cultural identity as a tourist destination.<\/p>\n<\/div><\/div><\/div><\/div><\/div><div class=\"et_pb_section_1 et_pb_section et_section_regular et_block_section\"><\/div>\n","protected":false},"excerpt":{"rendered":"","protected":false},"author":1,"featured_media":0,"parent":0,"menu_order":0,"comment_status":"closed","ping_status":"closed","template":"","meta":{"footnotes":""},"dipi_cpt_category":[],"class_list":["post-303","page","type-page","status-publish","hentry"],"yoast_head":"<!-- This site is optimized with the Yoast SEO plugin v27.4 - https:\/\/yoast.com\/product\/yoast-seo-wordpress\/ -->\n<title>CROATIA - Kreativni Gradovi<\/title>\n<meta name=\"robots\" content=\"index, follow, max-snippet:-1, max-image-preview:large, max-video-preview:-1\" \/>\n<link rel=\"canonical\" href=\"https:\/\/kreativnigradovi.eu\/hrvatska\/\" \/>\n<meta property=\"og:locale\" content=\"en_US\" \/>\n<meta property=\"og:type\" content=\"article\" \/>\n<meta property=\"og:title\" content=\"CROATIA - Kreativni Gradovi\" \/>\n<meta property=\"og:url\" content=\"https:\/\/kreativnigradovi.eu\/hrvatska\/\" \/>\n<meta property=\"og:site_name\" content=\"Kreativni Gradovi\" \/>\n<meta property=\"article:publisher\" content=\"https:\/\/www.facebook.com\/KreativniGradoviHrvatske\" \/>\n<meta property=\"article:modified_time\" content=\"2026-04-03T08:24:34+00:00\" \/>\n<meta name=\"twitter:card\" content=\"summary_large_image\" \/>\n<script type=\"application\/ld+json\" class=\"yoast-schema-graph\">{\"@context\":\"https:\\\/\\\/schema.org\",\"@graph\":[{\"@type\":\"WebPage\",\"@id\":\"https:\\\/\\\/kreativnigradovi.eu\\\/hrvatska\\\/\",\"url\":\"https:\\\/\\\/kreativnigradovi.eu\\\/hrvatska\\\/\",\"name\":\"CROATIA - Kreativni Gradovi\",\"isPartOf\":{\"@id\":\"https:\\\/\\\/kreativnigradovi.eu\\\/#website\"},\"datePublished\":\"2025-05-24T10:13:13+00:00\",\"dateModified\":\"2026-04-03T08:24:34+00:00\",\"breadcrumb\":{\"@id\":\"https:\\\/\\\/kreativnigradovi.eu\\\/hrvatska\\\/#breadcrumb\"},\"inLanguage\":\"en-US\",\"potentialAction\":[{\"@type\":\"ReadAction\",\"target\":[\"https:\\\/\\\/kreativnigradovi.eu\\\/hrvatska\\\/\"]}]},{\"@type\":\"BreadcrumbList\",\"@id\":\"https:\\\/\\\/kreativnigradovi.eu\\\/hrvatska\\\/#breadcrumb\",\"itemListElement\":[{\"@type\":\"ListItem\",\"position\":1,\"name\":\"Po\u010detna stranica\",\"item\":\"https:\\\/\\\/kreativnigradovi.eu\\\/\"},{\"@type\":\"ListItem\",\"position\":2,\"name\":\"CROATIA\"}]},{\"@type\":\"WebSite\",\"@id\":\"https:\\\/\\\/kreativnigradovi.eu\\\/#website\",\"url\":\"https:\\\/\\\/kreativnigradovi.eu\\\/\",\"name\":\"Kreativni Gradovi\",\"description\":\"\",\"publisher\":{\"@id\":\"https:\\\/\\\/kreativnigradovi.eu\\\/#organization\"},\"potentialAction\":[{\"@type\":\"SearchAction\",\"target\":{\"@type\":\"EntryPoint\",\"urlTemplate\":\"https:\\\/\\\/kreativnigradovi.eu\\\/?s={search_term_string}\"},\"query-input\":{\"@type\":\"PropertyValueSpecification\",\"valueRequired\":true,\"valueName\":\"search_term_string\"}}],\"inLanguage\":\"en-US\"},{\"@type\":\"Organization\",\"@id\":\"https:\\\/\\\/kreativnigradovi.eu\\\/#organization\",\"name\":\"Kreativni Gradovi\",\"url\":\"https:\\\/\\\/kreativnigradovi.eu\\\/\",\"logo\":{\"@type\":\"ImageObject\",\"inLanguage\":\"en-US\",\"@id\":\"https:\\\/\\\/kreativnigradovi.eu\\\/#\\\/schema\\\/logo\\\/image\\\/\",\"url\":\"https:\\\/\\\/kreativnigradovi.eu\\\/wp-content\\\/uploads\\\/2025\\\/05\\\/kgh-logo.png\",\"contentUrl\":\"https:\\\/\\\/kreativnigradovi.eu\\\/wp-content\\\/uploads\\\/2025\\\/05\\\/kgh-logo.png\",\"width\":600,\"height\":600,\"caption\":\"Kreativni Gradovi\"},\"image\":{\"@id\":\"https:\\\/\\\/kreativnigradovi.eu\\\/#\\\/schema\\\/logo\\\/image\\\/\"},\"sameAs\":[\"https:\\\/\\\/www.facebook.com\\\/KreativniGradoviHrvatske\"]}]}<\/script>\n<!-- \/ Yoast SEO plugin. -->","yoast_head_json":{"title":"CROATIA - Kreativni Gradovi","robots":{"index":"index","follow":"follow","max-snippet":"max-snippet:-1","max-image-preview":"max-image-preview:large","max-video-preview":"max-video-preview:-1"},"canonical":"https:\/\/kreativnigradovi.eu\/hrvatska\/","og_locale":"en_US","og_type":"article","og_title":"CROATIA - Kreativni Gradovi","og_url":"https:\/\/kreativnigradovi.eu\/hrvatska\/","og_site_name":"Kreativni Gradovi","article_publisher":"https:\/\/www.facebook.com\/KreativniGradoviHrvatske","article_modified_time":"2026-04-03T08:24:34+00:00","twitter_card":"summary_large_image","schema":{"@context":"https:\/\/schema.org","@graph":[{"@type":"WebPage","@id":"https:\/\/kreativnigradovi.eu\/hrvatska\/","url":"https:\/\/kreativnigradovi.eu\/hrvatska\/","name":"CROATIA - Kreativni Gradovi","isPartOf":{"@id":"https:\/\/kreativnigradovi.eu\/#website"},"datePublished":"2025-05-24T10:13:13+00:00","dateModified":"2026-04-03T08:24:34+00:00","breadcrumb":{"@id":"https:\/\/kreativnigradovi.eu\/hrvatska\/#breadcrumb"},"inLanguage":"en-US","potentialAction":[{"@type":"ReadAction","target":["https:\/\/kreativnigradovi.eu\/hrvatska\/"]}]},{"@type":"BreadcrumbList","@id":"https:\/\/kreativnigradovi.eu\/hrvatska\/#breadcrumb","itemListElement":[{"@type":"ListItem","position":1,"name":"Po\u010detna stranica","item":"https:\/\/kreativnigradovi.eu\/"},{"@type":"ListItem","position":2,"name":"CROATIA"}]},{"@type":"WebSite","@id":"https:\/\/kreativnigradovi.eu\/#website","url":"https:\/\/kreativnigradovi.eu\/","name":"Kreativni Gradovi","description":"","publisher":{"@id":"https:\/\/kreativnigradovi.eu\/#organization"},"potentialAction":[{"@type":"SearchAction","target":{"@type":"EntryPoint","urlTemplate":"https:\/\/kreativnigradovi.eu\/?s={search_term_string}"},"query-input":{"@type":"PropertyValueSpecification","valueRequired":true,"valueName":"search_term_string"}}],"inLanguage":"en-US"},{"@type":"Organization","@id":"https:\/\/kreativnigradovi.eu\/#organization","name":"Kreativni Gradovi","url":"https:\/\/kreativnigradovi.eu\/","logo":{"@type":"ImageObject","inLanguage":"en-US","@id":"https:\/\/kreativnigradovi.eu\/#\/schema\/logo\/image\/","url":"https:\/\/kreativnigradovi.eu\/wp-content\/uploads\/2025\/05\/kgh-logo.png","contentUrl":"https:\/\/kreativnigradovi.eu\/wp-content\/uploads\/2025\/05\/kgh-logo.png","width":600,"height":600,"caption":"Kreativni Gradovi"},"image":{"@id":"https:\/\/kreativnigradovi.eu\/#\/schema\/logo\/image\/"},"sameAs":["https:\/\/www.facebook.com\/KreativniGradoviHrvatske"]}]}},"_links":{"self":[{"href":"https:\/\/kreativnigradovi.eu\/en\/wp-json\/wp\/v2\/pages\/303","targetHints":{"allow":["GET"]}}],"collection":[{"href":"https:\/\/kreativnigradovi.eu\/en\/wp-json\/wp\/v2\/pages"}],"about":[{"href":"https:\/\/kreativnigradovi.eu\/en\/wp-json\/wp\/v2\/types\/page"}],"author":[{"embeddable":true,"href":"https:\/\/kreativnigradovi.eu\/en\/wp-json\/wp\/v2\/users\/1"}],"replies":[{"embeddable":true,"href":"https:\/\/kreativnigradovi.eu\/en\/wp-json\/wp\/v2\/comments?post=303"}],"version-history":[{"count":6,"href":"https:\/\/kreativnigradovi.eu\/en\/wp-json\/wp\/v2\/pages\/303\/revisions"}],"predecessor-version":[{"id":419,"href":"https:\/\/kreativnigradovi.eu\/en\/wp-json\/wp\/v2\/pages\/303\/revisions\/419"}],"wp:attachment":[{"href":"https:\/\/kreativnigradovi.eu\/en\/wp-json\/wp\/v2\/media?parent=303"}],"wp:term":[{"taxonomy":"dipi_cpt_category","embeddable":true,"href":"https:\/\/kreativnigradovi.eu\/en\/wp-json\/wp\/v2\/dipi_cpt_category?post=303"}],"curies":[{"name":"wp","href":"https:\/\/api.w.org\/{rel}","templated":true}]}}