{"id":320,"date":"2025-05-24T12:34:39","date_gmt":"2025-05-24T12:34:39","guid":{"rendered":"https:\/\/kreativnigradovi.eu\/application-form\/"},"modified":"2026-04-03T08:24:54","modified_gmt":"2026-04-03T08:24:54","slug":"application-form","status":"publish","type":"page","link":"https:\/\/kreativnigradovi.eu\/en\/application-form\/","title":{"rendered":"APPLICATION FORM"},"content":{"rendered":"<div class=\"et_d4_element et_pb_section et_pb_section_0  et_pb_css_mix_blend_mode et_section_regular et_block_section\" >\n\t\t\t\t\n\t\t\t\t\n\t\t\t\t\n\t\t\t\t\n\t\t\t\t\n\t\t\t\t\n\t\t\t\t<div class=\"et_d4_element et_pb_row et_pb_row_0  et_pb_css_mix_blend_mode et_block_row\">\n\t\t\t\t<div class=\"et_d4_element et_pb_column_4_4 et_pb_column et_pb_column_0  et_pb_css_mix_blend_mode et-last-child et_block_column\">\n\t\t\t\t\n\t\t\t\t\n\t\t\t\t\n\t\t\t\t\n\t\t\t\t<div class=\"et_pb_module et_d4_element et_pb_code et_pb_code_0\">\n\t\t\t\t\n\t\t\t\t\n\t\t\t\t\n\t\t\t\t\n\t\t\t\t\n\t\t\t<\/div>\n\t\t\t<\/div>\n\t\t\t\t\n\t\t\t\t\n\t\t\t\t\n\t\t\t\t\n\t\t\t<\/div><div class=\"et_d4_element et_pb_row et_pb_row_1  et_pb_css_mix_blend_mode et_block_row\">\n\t\t\t\t<div class=\"et_d4_element et_pb_column_4_4 et_pb_column et_pb_column_1  et_pb_css_mix_blend_mode et-last-child et_block_column\">\n\t\t\t\t\n\t\t\t\t\n\t\t\t\t\n\t\t\t\t\n\t\t\t\t<div class=\"et_pb_module et_d4_element et_pb_code et_pb_code_1\">\n\t\t\t\t\n\t\t\t\t\n\t\t\t\t\n\t\t\t\t\n\t\t\t\t<div class=\"et_pb_code_inner\"><style id=\"wpforms-css-vars-241\">\n\t\t\t\t#wpforms-241 {\n\t\t\t\t\n\t\t\t}\n\t\t\t<\/style><div class=\"wpforms-container wpforms-container-full wpforms-render-modern\" id=\"wpforms-241\"><form id=\"wpforms-form-241\" class=\"wpforms-validate wpforms-form wpforms-ajax-form\" data-formid=\"241\" method=\"post\" enctype=\"multipart\/form-data\" action=\"\/en\/wp-json\/wp\/v2\/pages\/320?wpforms_form_id=241\" data-token=\"2b13a8b303d9642077f6e224e2ab0167\" data-token-time=\"1778692270\"><noscript class=\"wpforms-error-noscript\">Please enable JavaScript in your browser to complete this form.<\/noscript><div id=\"wpforms-error-noscript\" style=\"display: none;\">Please enable JavaScript in your browser to complete this form.<\/div><div class=\"wpforms-field-container\"><div id=\"wpforms-241-field_1-container\" class=\"wpforms-field wpforms-field-text\" data-field-id=\"1\"><label class=\"wpforms-field-label\" for=\"wpforms-241-field_1\">Naziv grada <span class=\"wpforms-required-label\" aria-hidden=\"true\">*<\/span><\/label><input type=\"text\" id=\"wpforms-241-field_1\" class=\"wpforms-field-medium wpforms-field-required\" name=\"wpforms[fields][1]\" aria-errormessage=\"wpforms-241-field_1-error\" required><\/div><div id=\"wpforms-241-field_2-container\" class=\"wpforms-field wpforms-field-number\" data-field-id=\"2\"><label class=\"wpforms-field-label\" for=\"wpforms-241-field_2\">Broj stanovnika <span class=\"wpforms-required-label\" aria-hidden=\"true\">*<\/span><\/label><input type=\"number\" id=\"wpforms-241-field_2\" class=\"wpforms-field-medium wpforms-field-required\" name=\"wpforms[fields][2]\" step=\"any\" aria-errormessage=\"wpforms-241-field_2-error\" required><\/div><div id=\"wpforms-241-field_3-container\" class=\"wpforms-field wpforms-field-text\" data-field-id=\"3\"><label class=\"wpforms-field-label\" for=\"wpforms-241-field_3\">\u017dupanija <span class=\"wpforms-required-label\" aria-hidden=\"true\">*<\/span><\/label><input type=\"text\" id=\"wpforms-241-field_3\" class=\"wpforms-field-medium wpforms-field-required\" name=\"wpforms[fields][3]\" aria-errormessage=\"wpforms-241-field_3-error\" required><\/div><div id=\"wpforms-241-field_5-container\" class=\"wpforms-field wpforms-field-name\" data-field-id=\"5\"><fieldset><legend class=\"wpforms-field-label\">Ime i prezime kontakt osobe <span class=\"wpforms-required-label\" aria-hidden=\"true\">*<\/span><\/legend><div class=\"wpforms-field-row wpforms-field-medium\"><div class=\"wpforms-field-row-block wpforms-first wpforms-one-half\"><input type=\"text\" id=\"wpforms-241-field_5\" class=\"wpforms-field-name-first wpforms-field-required\" name=\"wpforms[fields][5][first]\" aria-errormessage=\"wpforms-241-field_5-error\" required><label for=\"wpforms-241-field_5\" class=\"wpforms-field-sublabel after\">First<\/label><\/div><div class=\"wpforms-field-row-block wpforms-one-half\"><input type=\"text\" id=\"wpforms-241-field_5-last\" class=\"wpforms-field-name-last wpforms-field-required\" name=\"wpforms[fields][5][last]\" aria-errormessage=\"wpforms-241-field_5-last-error\" required><label for=\"wpforms-241-field_5-last\" class=\"wpforms-field-sublabel after\">Last<\/label><\/div><\/div><\/fieldset><\/div><div id=\"wpforms-241-field_6-container\" class=\"wpforms-field wpforms-field-text\" data-field-id=\"6\"><label class=\"wpforms-field-label\" for=\"wpforms-241-field_6\">Funkcija u gradskoj upravi \/ ustanovi <span class=\"wpforms-required-label\" aria-hidden=\"true\">*<\/span><\/label><input type=\"text\" id=\"wpforms-241-field_6\" class=\"wpforms-field-medium wpforms-field-required\" name=\"wpforms[fields][6]\" aria-errormessage=\"wpforms-241-field_6-error\" required><\/div>\t\t<div id=\"wpforms-241-field_13-container\"\n\t\t\tclass=\"wpforms-field wpforms-field-text\"\n\t\t\tdata-field-type=\"text\"\n\t\t\tdata-field-id=\"13\"\n\t\t\t>\n\t\t\t<label class=\"wpforms-field-label\" for=\"wpforms-241-field_13\" >i osobe Broj<\/label>\n\t\t\t<input type=\"text\" id=\"wpforms-241-field_13\" class=\"wpforms-field-medium\" name=\"wpforms[fields][13]\" >\n\t\t<\/div>\n\t\t<div id=\"wpforms-241-field_7-container\" class=\"wpforms-field wpforms-field-email\" data-field-id=\"7\"><label class=\"wpforms-field-label\" for=\"wpforms-241-field_7\">Email adresa kontakt osobe <span class=\"wpforms-required-label\" aria-hidden=\"true\">*<\/span><\/label><input type=\"email\" id=\"wpforms-241-field_7\" class=\"wpforms-field-medium wpforms-field-required\" name=\"wpforms[fields][7]\" spellcheck=\"false\" aria-errormessage=\"wpforms-241-field_7-error\" required><\/div><div id=\"wpforms-241-field_9-container\" class=\"wpforms-field wpforms-field-textarea\" data-field-id=\"9\"><label class=\"wpforms-field-label\" for=\"wpforms-241-field_9\">Za\u0161to se grad \u017eeli uklju\u010diti u Mre\u017eu (kratak opis motiva i interesa do 1000 znakova) <span class=\"wpforms-required-label\" aria-hidden=\"true\">*<\/span><\/label><textarea id=\"wpforms-241-field_9\" class=\"wpforms-field-medium wpforms-field-required\" name=\"wpforms[fields][9]\" aria-errormessage=\"wpforms-241-field_9-error\" required><\/textarea><\/div><div id=\"wpforms-241-field_10-container\" class=\"wpforms-field wpforms-field-textarea\" data-field-id=\"10\"><label class=\"wpforms-field-label\" for=\"wpforms-241-field_10\">Klju\u010dni projekti \/ aktivnosti u podru\u010dju kulture i kreativnosti (max. 1500 znakova) <span class=\"wpforms-required-label\" aria-hidden=\"true\">*<\/span><\/label><textarea id=\"wpforms-241-field_10\" class=\"wpforms-field-medium wpforms-field-required\" name=\"wpforms[fields][10]\" aria-errormessage=\"wpforms-241-field_10-error\" required><\/textarea><\/div><script>\n\t\t\t\t( function() {\n\t\t\t\t\tconst style = document.createElement( 'style' );\n\t\t\t\t\tstyle.appendChild( document.createTextNode( '#wpforms-241-field_13-container { position: absolute !important; overflow: hidden !important; display: inline !important; height: 1px !important; width: 1px !important; z-index: -1000 !important; padding: 0 !important; } #wpforms-241-field_13-container input { visibility: hidden; } #wpforms-conversational-form-page #wpforms-241-field_13-container label { counter-increment: none; }' ) );\n\t\t\t\t\tdocument.head.appendChild( style );\n\t\t\t\t\tdocument.currentScript?.remove();\n\t\t\t\t} )();\n\t\t\t<\/script><\/div><!-- .wpforms-field-container --><div class=\"wpforms-submit-container\" ><input type=\"hidden\" name=\"wpforms[id]\" value=\"241\"><input type=\"hidden\" name=\"page_title\" value=\"\"><input type=\"hidden\" name=\"page_url\" value=\"https:\/\/kreativnigradovi.eu\/en\/wp-json\/wp\/v2\/pages\/320\"><input type=\"hidden\" name=\"url_referer\" value=\"\"><button type=\"submit\" name=\"wpforms[submit]\" id=\"wpforms-submit-241\" class=\"wpforms-submit\" data-alt-text=\"Sending...\" data-submit-text=\"Po\u0161aljite prijavu\" aria-live=\"assertive\" value=\"wpforms-submit\">Po\u0161aljite prijavu<\/button><img loading=\"lazy\" decoding=\"async\" src=\"https:\/\/kreativnigradovi.eu\/wp-content\/plugins\/wpforms-lite\/assets\/images\/submit-spin.svg\" class=\"wpforms-submit-spinner\" style=\"display: none;\" width=\"26\" height=\"26\" alt=\"Loading\"><\/div><\/form><\/div>  <!-- .wpforms-container --><\/div>\n\t\t\t<\/div>\n\t\t\t<\/div>\n\t\t\t\t\n\t\t\t\t\n\t\t\t\t\n\t\t\t\t\n\t\t\t<\/div>\n\t\t\t\t\n\t\t\t\t\n\t\t\t<\/div>\n","protected":false},"excerpt":{"rendered":"","protected":false},"author":1,"featured_media":0,"parent":0,"menu_order":0,"comment_status":"closed","ping_status":"closed","template":"","meta":{"_et_pb_use_builder":"on","_et_pb_old_content":"","_et_gb_content_width":"","footnotes":""},"dipi_cpt_category":[],"class_list":["post-320","page","type-page","status-publish","hentry"],"yoast_head":"<!-- This site is optimized with the Yoast SEO plugin v27.4 - https:\/\/yoast.com\/product\/yoast-seo-wordpress\/ -->\n<title>APPLICATION FORM - Kreativni Gradovi<\/title>\n<meta name=\"robots\" content=\"index, follow, max-snippet:-1, max-image-preview:large, max-video-preview:-1\" \/>\n<link rel=\"canonical\" href=\"https:\/\/kreativnigradovi.eu\/prijavnica\/\" \/>\n<meta property=\"og:locale\" content=\"en_US\" \/>\n<meta property=\"og:type\" content=\"article\" \/>\n<meta property=\"og:title\" content=\"APPLICATION FORM - Kreativni Gradovi\" \/>\n<meta property=\"og:url\" content=\"https:\/\/kreativnigradovi.eu\/prijavnica\/\" \/>\n<meta property=\"og:site_name\" content=\"Kreativni Gradovi\" \/>\n<meta property=\"article:publisher\" content=\"https:\/\/www.facebook.com\/KreativniGradoviHrvatske\" \/>\n<meta property=\"article:modified_time\" content=\"2026-04-03T08:24:54+00:00\" \/>\n<meta name=\"twitter:card\" content=\"summary_large_image\" \/>\n<meta name=\"twitter:label1\" content=\"Est. reading time\" \/>\n\t<meta name=\"twitter:data1\" content=\"1 minute\" \/>\n<script type=\"application\/ld+json\" class=\"yoast-schema-graph\">{\"@context\":\"https:\\\/\\\/schema.org\",\"@graph\":[{\"@type\":\"WebPage\",\"@id\":\"https:\\\/\\\/kreativnigradovi.eu\\\/prijavnica\\\/\",\"url\":\"https:\\\/\\\/kreativnigradovi.eu\\\/prijavnica\\\/\",\"name\":\"APPLICATION FORM - Kreativni Gradovi\",\"isPartOf\":{\"@id\":\"https:\\\/\\\/kreativnigradovi.eu\\\/#website\"},\"datePublished\":\"2025-05-24T12:34:39+00:00\",\"dateModified\":\"2026-04-03T08:24:54+00:00\",\"breadcrumb\":{\"@id\":\"https:\\\/\\\/kreativnigradovi.eu\\\/prijavnica\\\/#breadcrumb\"},\"inLanguage\":\"en-US\",\"potentialAction\":[{\"@type\":\"ReadAction\",\"target\":[\"https:\\\/\\\/kreativnigradovi.eu\\\/prijavnica\\\/\"]}]},{\"@type\":\"BreadcrumbList\",\"@id\":\"https:\\\/\\\/kreativnigradovi.eu\\\/prijavnica\\\/#breadcrumb\",\"itemListElement\":[{\"@type\":\"ListItem\",\"position\":1,\"name\":\"Po\u010detna stranica\",\"item\":\"https:\\\/\\\/kreativnigradovi.eu\\\/\"},{\"@type\":\"ListItem\",\"position\":2,\"name\":\"APPLICATION FORM\"}]},{\"@type\":\"WebSite\",\"@id\":\"https:\\\/\\\/kreativnigradovi.eu\\\/#website\",\"url\":\"https:\\\/\\\/kreativnigradovi.eu\\\/\",\"name\":\"Kreativni Gradovi\",\"description\":\"\",\"publisher\":{\"@id\":\"https:\\\/\\\/kreativnigradovi.eu\\\/#organization\"},\"potentialAction\":[{\"@type\":\"SearchAction\",\"target\":{\"@type\":\"EntryPoint\",\"urlTemplate\":\"https:\\\/\\\/kreativnigradovi.eu\\\/?s={search_term_string}\"},\"query-input\":{\"@type\":\"PropertyValueSpecification\",\"valueRequired\":true,\"valueName\":\"search_term_string\"}}],\"inLanguage\":\"en-US\"},{\"@type\":\"Organization\",\"@id\":\"https:\\\/\\\/kreativnigradovi.eu\\\/#organization\",\"name\":\"Kreativni Gradovi\",\"url\":\"https:\\\/\\\/kreativnigradovi.eu\\\/\",\"logo\":{\"@type\":\"ImageObject\",\"inLanguage\":\"en-US\",\"@id\":\"https:\\\/\\\/kreativnigradovi.eu\\\/#\\\/schema\\\/logo\\\/image\\\/\",\"url\":\"https:\\\/\\\/kreativnigradovi.eu\\\/wp-content\\\/uploads\\\/2025\\\/05\\\/kgh-logo.png\",\"contentUrl\":\"https:\\\/\\\/kreativnigradovi.eu\\\/wp-content\\\/uploads\\\/2025\\\/05\\\/kgh-logo.png\",\"width\":600,\"height\":600,\"caption\":\"Kreativni Gradovi\"},\"image\":{\"@id\":\"https:\\\/\\\/kreativnigradovi.eu\\\/#\\\/schema\\\/logo\\\/image\\\/\"},\"sameAs\":[\"https:\\\/\\\/www.facebook.com\\\/KreativniGradoviHrvatske\"]}]}<\/script>\n<!-- \/ Yoast SEO plugin. -->","yoast_head_json":{"title":"APPLICATION FORM - Kreativni Gradovi","robots":{"index":"index","follow":"follow","max-snippet":"max-snippet:-1","max-image-preview":"max-image-preview:large","max-video-preview":"max-video-preview:-1"},"canonical":"https:\/\/kreativnigradovi.eu\/prijavnica\/","og_locale":"en_US","og_type":"article","og_title":"APPLICATION FORM - Kreativni Gradovi","og_url":"https:\/\/kreativnigradovi.eu\/prijavnica\/","og_site_name":"Kreativni Gradovi","article_publisher":"https:\/\/www.facebook.com\/KreativniGradoviHrvatske","article_modified_time":"2026-04-03T08:24:54+00:00","twitter_card":"summary_large_image","twitter_misc":{"Est. reading time":"1 minute"},"schema":{"@context":"https:\/\/schema.org","@graph":[{"@type":"WebPage","@id":"https:\/\/kreativnigradovi.eu\/prijavnica\/","url":"https:\/\/kreativnigradovi.eu\/prijavnica\/","name":"APPLICATION FORM - Kreativni Gradovi","isPartOf":{"@id":"https:\/\/kreativnigradovi.eu\/#website"},"datePublished":"2025-05-24T12:34:39+00:00","dateModified":"2026-04-03T08:24:54+00:00","breadcrumb":{"@id":"https:\/\/kreativnigradovi.eu\/prijavnica\/#breadcrumb"},"inLanguage":"en-US","potentialAction":[{"@type":"ReadAction","target":["https:\/\/kreativnigradovi.eu\/prijavnica\/"]}]},{"@type":"BreadcrumbList","@id":"https:\/\/kreativnigradovi.eu\/prijavnica\/#breadcrumb","itemListElement":[{"@type":"ListItem","position":1,"name":"Po\u010detna stranica","item":"https:\/\/kreativnigradovi.eu\/"},{"@type":"ListItem","position":2,"name":"APPLICATION FORM"}]},{"@type":"WebSite","@id":"https:\/\/kreativnigradovi.eu\/#website","url":"https:\/\/kreativnigradovi.eu\/","name":"Kreativni Gradovi","description":"","publisher":{"@id":"https:\/\/kreativnigradovi.eu\/#organization"},"potentialAction":[{"@type":"SearchAction","target":{"@type":"EntryPoint","urlTemplate":"https:\/\/kreativnigradovi.eu\/?s={search_term_string}"},"query-input":{"@type":"PropertyValueSpecification","valueRequired":true,"valueName":"search_term_string"}}],"inLanguage":"en-US"},{"@type":"Organization","@id":"https:\/\/kreativnigradovi.eu\/#organization","name":"Kreativni Gradovi","url":"https:\/\/kreativnigradovi.eu\/","logo":{"@type":"ImageObject","inLanguage":"en-US","@id":"https:\/\/kreativnigradovi.eu\/#\/schema\/logo\/image\/","url":"https:\/\/kreativnigradovi.eu\/wp-content\/uploads\/2025\/05\/kgh-logo.png","contentUrl":"https:\/\/kreativnigradovi.eu\/wp-content\/uploads\/2025\/05\/kgh-logo.png","width":600,"height":600,"caption":"Kreativni Gradovi"},"image":{"@id":"https:\/\/kreativnigradovi.eu\/#\/schema\/logo\/image\/"},"sameAs":["https:\/\/www.facebook.com\/KreativniGradoviHrvatske"]}]}},"_links":{"self":[{"href":"https:\/\/kreativnigradovi.eu\/en\/wp-json\/wp\/v2\/pages\/320","targetHints":{"allow":["GET"]}}],"collection":[{"href":"https:\/\/kreativnigradovi.eu\/en\/wp-json\/wp\/v2\/pages"}],"about":[{"href":"https:\/\/kreativnigradovi.eu\/en\/wp-json\/wp\/v2\/types\/page"}],"author":[{"embeddable":true,"href":"https:\/\/kreativnigradovi.eu\/en\/wp-json\/wp\/v2\/users\/1"}],"replies":[{"embeddable":true,"href":"https:\/\/kreativnigradovi.eu\/en\/wp-json\/wp\/v2\/comments?post=320"}],"version-history":[{"count":4,"href":"https:\/\/kreativnigradovi.eu\/en\/wp-json\/wp\/v2\/pages\/320\/revisions"}],"predecessor-version":[{"id":429,"href":"https:\/\/kreativnigradovi.eu\/en\/wp-json\/wp\/v2\/pages\/320\/revisions\/429"}],"wp:attachment":[{"href":"https:\/\/kreativnigradovi.eu\/en\/wp-json\/wp\/v2\/media?parent=320"}],"wp:term":[{"taxonomy":"dipi_cpt_category","embeddable":true,"href":"https:\/\/kreativnigradovi.eu\/en\/wp-json\/wp\/v2\/dipi_cpt_category?post=320"}],"curies":[{"name":"wp","href":"https:\/\/api.w.org\/{rel}","templated":true}]}}